{"id":1255,"date":"2010-11-21T16:29:00","date_gmt":"2010-11-21T14:29:00","guid":{"rendered":"http:\/\/www.schakers.info\/?page_id=1255"},"modified":"2010-11-21T16:29:00","modified_gmt":"2010-11-21T14:29:00","slug":"voerendaal-boekt-benauwde-zege-op-sterk-caissa","status":"publish","type":"page","link":"https:\/\/www.schakers.info\/?page_id=1255","title":{"rendered":"Voerendaal boekt benauwde zege op sterk Ca\u00efssa"},"content":{"rendered":"<p><a href=\"http:\/\/www.schakers.info\/wp-content\/uploads\/2010\/09\/knsb-meesterkl-10-11-100x100.gif\"><img loading=\"lazy\" decoding=\"async\" class=\"alignright size-full wp-image-897\" style=\"margin: 5px;\" title=\"knsb-meesterkl-10-11-100x100\" src=\"http:\/\/www.schakers.info\/wp-content\/uploads\/2010\/09\/knsb-meesterkl-10-11-100x100.gif\" alt=\"\" width=\"100\" height=\"100\" \/><\/a>In de derde ronde van de Nederlandse competitie trad SV Voerendaal op tegen medepromovendus Ca\u00efssa I. De Amsterdamse vereniging is op papier de minst sterkste club uit de Meesterklasse. Dankzij de komst van enkele sterke spelers is het elan in Amsterdam toegenomen en met de juiste teamspirit kan men tot de nodige verrassingen komen. Braceland ESGOO moest dit in de tweede ronde hardhandig ervaren.<br \/>\nVoerendaal, dat een goede competitiestart kende, wilde vandaag een fraai resultaat boeken. De redenen hiervoor zijn tweeledig.<br \/>\nDe pessimistische kijk leert dat het belangrijk is om tegen potenti\u00eble mededegradatiekandidaten twee matchpunten te scoren. De optimistische kijk leert dat je tegen de zwakkere teams moet scoren om in het linkerrijtje te blijven.<\/p>\n<p>In het eerste tiental van Ca\u00efssa stroomt het nodige Limburgse bloed. Op het eerste bord speelt niemand minder dan ex-Limburgs en ex-Nederlands kampioen GM Paul van der Sterren. Bij deze vriendelijke rustige Limburger begon na enkele jaren rust het schakersbloed sneller te stromen hetgeen resulteerde in een comeback bij Ca\u00efssa. De andere Limburgse nieuweling is Ivo Timmermans. Na zijn jeugd bij GESS doorgebracht te hebben, had hij 17 jaar lang zijn hart verpand aan Sas van Gent. Het tweede deel van zijn schaakcarri\u00e8re start Ivo bij Ca\u00efssa. De meest bekende speler van Ca\u00efssa is GM Hans Ree. Deze viermalig Nederlands kampioen is naast zeer sterk schaker vooral bekend vanwege zijn schrijverschap en zijn columns.<br \/>\nAan de opstelling kon men zien dat Ca\u00efssa met stoute plannen naar het Zuiden was vertrokken. De sterke geroutineerde spelers Piet van der Weide en Juan de Roda Husman waren de vervangers van Hovenga en Riemens.<\/p>\n<p><strong>Gelijkopgaande strijd (3-3)<br \/>\n<\/strong>De twee teams bestreden elkaar met de fluwelen handschoen. Er was nergens een bord in vuur vlam. En mocht al een schaker zijn pyromane intenties tonen dan werd het mogelijk binnenbrandje profylactisch door de tegenstander geblust. De hoge mate van wederzijds respect uitte zich in een snel aantal remisepartijen.<br \/>\nDe partij tussen Arno Bezemer en <strong>Tom Bus<\/strong> (7,z) leek een scherpe Fischer-Sozin-Velimirovic-aanval te worden. Ge\u00efnspireerd door de partij van Oosterom &#8211; Swinkels, Ned-ch U21, Venlo neutraliseerde Bus met 6\u2026Pa5 de witte aanvalsdriften. Na een paar keer e5 achterwege gelaten te hebben accepteerde Bezemer het remiseaanbod. Toen het hek eenmaal van de dam was, volgden al snel de remises op bord 8,9 en 10. <strong>Christof Sielecki<\/strong> (8,w) was met een licht voordeel uit de opening gekomen. Daar waar bij Christof het motortje haperde, begon Robert Kikkert steeds sterker te spelen. Een algehele afruil met remise was het gevolg. <strong>Patrick Driessens<\/strong>(9,z) leek ook steeds iets beter te staan maar hij kon geen vorderingen maken. Er restte niets anders dan het punt te delen met Gert-Jan van de Hoeven. In de partij <strong>Christian Braun<\/strong> (10,w) \u2013 Michael Wunnink was het evenwicht nauwelijks verbroken. De beide spelers vochten tot het diepe eindspel om de vredespijp te roken.<br \/>\nCa\u00efssa kwam op voordeel door kopman Paul van der Sterren. In een thematische partij werd <strong>Oscar Lemmers (1,z)<\/strong> langzaam maar zeker van het bord gedrukt. <strong>Andrei Orlov<\/strong> (2,w) trok na drie\u00ebnhalf uur spelen de stand gelijk. De Leeuw van Piet van der Weide kon zijn klauwen niet tonen. Eerst kreeg Andrei ruimtewinst, vervolgens druk op de zwarte koningsstelling om een fatale verzwakking uit te lokken. Toen was het snel gebeurd.<\/p>\n<p><strong>Tussensprintje(5-3)<br \/>\n<\/strong>Voerendaal verzekerde zich dankzij een Oezbeeks\/Russisch een-tweetje van een matchpunt. <strong>Mihail Saltaev<\/strong> (3,z) bestreed het Reti-systeem van de gerenommeerde grootmeester Hans Ree met een dame-uitval naar b6. Deze dame infiltreerde in de witte stelling om nooit meer terug te keren. Gelukkig kreeg Mihail voldoende materiaal voor de dame. In het verre eindspel wisten de twee torens van Mihail een matnet te componeren. <strong>Felix Levin <\/strong>(5,z) kon zich na de opening verheugen op het loperpaar en initiatief op de damevleugel. In de tijdnoodfase had Ivo Timmermans geen adequaat antwoord op het vernietigende 23.La4.<\/p>\n<p><strong>Slotakkoord<br \/>\n<\/strong>Met nog twee borden te gaan leek de winst binnen. De Kiebitzers spraken echter over een 5-5. \u201cAli staat verloren en Dani\u00ebl staat 2 pionnen achter\u201d, werd in de wandelgangen gefluisterd.<br \/>\n<strong>Ali Bitalzadeh<\/strong>(6,w) gaf in de opening enkele stoten op de koningsvleugel (h3, g4) en voerde enkele schijnaanvallen uit op de damevleugel. Juan de Roda Husman pareerde de aanvallen en plaatste in tijdnood een tegenaanval op de achilleshiel (verzwakte koningsstelling) van Ali. Het was meteen uit.<br \/>\nRob Witt en <strong>Dani\u00ebl Hausrath <\/strong>volgden lange tijd de aanbevelingen van Mihail Marin. Witt kreeg de pion en Dani\u00ebl het initiatief. In de tijdnoodfase verloor wit nog een pion maar had als compensatie actief spel.<br \/>\nTijdens de post-mortem van de partij Bitalzadeh &#8211; de Roda Husman sloot Piet van der Weide zich bij het gezelschap aan met de gevleugelde woorden:\u201dWit staat gewonnen\u201d. Dit behoefde enige uitleg. Stond hun speler Witt nu gewonnen of was het wit, de Voerendaal-speler. Ik vermoed dat Piet het laatste bedoelde want ik hoorde Dani\u00ebl tien minuten later zeggen:\u201dSchei\u2026., das war ein theoretisch Endspiel; Ich sollte zuerst Kf5 ziehen und dann gewinne ich mit den Augen geschlossen. Ich kann dieses Endspiel nicht mal an meinen Sch\u00fclern zeigen!\u201d De ergernis van het niet winnen maakte al snel plaats voor de blijdschap van het winnen van de match.<\/p>\n<p><strong>Einduitslag 5,5-4,5<\/strong><br \/>\nHet was een zware bevalling.. met een prachtige baby als resultaat. Voerendaal staat nu alleen op de tweede plaats.<br \/>\nVoerendaal-2 won vandaag wederom met prima rapportcijfers (6-2 tegen Brunssum I). Hebben zij misschien kampioensaspiraties\u2026..?<br \/>\nIn de volgende ronde treft Voerendaal de voor eeuwig jonge honden van Utrecht. Hier kan Voerendaal op zeer sterke tegenstand rekenen.<\/p>\n<p><em>Tom Bus<\/em><\/p>\n<p><script type=\"text\/javascript\">\/\/ < ![CDATA[\ngoogle_ad_client = \"pub-5143860141441629\";\n\/* 468x60, gemaakt 5-1-10 *\/\ngoogle_ad_slot = \"6962841048\";\ngoogle_ad_width = 468;\ngoogle_ad_height = 60;\n\/\/ ]]><\/script><br \/>\n<script src=\"http:\/\/pagead2.googlesyndication.com\/pagead\/show_ads.js\" type=\"text\/javascript\"><\/script><\/p>\n\n<div class=\"twitter-share\"><a href=\"https:\/\/twitter.com\/intent\/tweet\" class=\"twitter-share-button\">Tweeten<\/a><\/div>\n","protected":false},"excerpt":{"rendered":"<p>In de derde ronde van de Nederlandse competitie trad SV Voerendaal op tegen medepromovendus Ca\u00efssa I. De Amsterdamse vereniging is op papier de minst sterkste club uit de Meesterklasse. Dankzij de komst van enkele&#46;&#46;&#46;<\/p>\n","protected":false},"author":1,"featured_media":0,"parent":0,"menu_order":0,"comment_status":"open","ping_status":"closed","template":"","meta":{"footnotes":""},"class_list":["post-1255","page","type-page","status-publish","hentry"],"_links":{"self":[{"href":"https:\/\/www.schakers.info\/index.php?rest_route=\/wp\/v2\/pages\/1255","targetHints":{"allow":["GET"]}}],"collection":[{"href":"https:\/\/www.schakers.info\/index.php?rest_route=\/wp\/v2\/pages"}],"about":[{"href":"https:\/\/www.schakers.info\/index.php?rest_route=\/wp\/v2\/types\/page"}],"author":[{"embeddable":true,"href":"https:\/\/www.schakers.info\/index.php?rest_route=\/wp\/v2\/users\/1"}],"replies":[{"embeddable":true,"href":"https:\/\/www.schakers.info\/index.php?rest_route=%2Fwp%2Fv2%2Fcomments&post=1255"}],"version-history":[{"count":0,"href":"https:\/\/www.schakers.info\/index.php?rest_route=\/wp\/v2\/pages\/1255\/revisions"}],"wp:attachment":[{"href":"https:\/\/www.schakers.info\/index.php?rest_route=%2Fwp%2Fv2%2Fmedia&parent=1255"}],"curies":[{"name":"wp","href":"https:\/\/api.w.org\/{rel}","templated":true}]}}